{"id":28,"date":"2025-10-07T07:07:14","date_gmt":"2025-10-07T07:07:14","guid":{"rendered":"https:\/\/vehiculosingenieria.com\/?page_id=28"},"modified":"2025-10-07T08:43:16","modified_gmt":"2025-10-07T08:43:16","slug":"servicios","status":"publish","type":"page","link":"https:\/\/vehiculosingenieria.com\/ca\/servicios\/","title":{"rendered":"Serveis"},"content":{"rendered":"<div class=\"wp-block-group testimonial-section is-layout-constrained wp-container-core-group-is-layout-c4a0062f wp-block-group-is-layout-constrained\" style=\"margin-top:0px;margin-bottom:0px;padding-top:0px;padding-right:0px;padding-bottom:0px;padding-left:0px\">\n<div class=\"wp-block-cover\" style=\"padding-top:70px;padding-right:0px;padding-bottom:70px;padding-left:0px;min-height:600px;aspect-ratio:unset;\"><img loading=\"lazy\" decoding=\"async\" width=\"1024\" height=\"682\" class=\"wp-block-cover__image-background wp-image-93 size-large\" alt=\"\" src=\"https:\/\/vehiculosingenieria.com\/wp-content\/uploads\/2025\/10\/cars-5456465_1280-1-1024x682.jpg\" data-object-fit=\"cover\" srcset=\"https:\/\/vehiculosingenieria.com\/wp-content\/uploads\/2025\/10\/cars-5456465_1280-1-1024x682.jpg 1024w, https:\/\/vehiculosingenieria.com\/wp-content\/uploads\/2025\/10\/cars-5456465_1280-1-300x200.jpg 300w, https:\/\/vehiculosingenieria.com\/wp-content\/uploads\/2025\/10\/cars-5456465_1280-1-768x512.jpg 768w, https:\/\/vehiculosingenieria.com\/wp-content\/uploads\/2025\/10\/cars-5456465_1280-1-18x12.jpg 18w, https:\/\/vehiculosingenieria.com\/wp-content\/uploads\/2025\/10\/cars-5456465_1280-1-1200x800.jpg 1200w, https:\/\/vehiculosingenieria.com\/wp-content\/uploads\/2025\/10\/cars-5456465_1280-1-600x400.jpg 600w, https:\/\/vehiculosingenieria.com\/wp-content\/uploads\/2025\/10\/cars-5456465_1280-1.jpg 1280w\" sizes=\"auto, (max-width: 1024px) 100vw, 1024px\" \/><span aria-hidden=\"true\" class=\"wp-block-cover__background has-secondary-background-color has-background-dim-70 has-background-dim\"><\/span><div class=\"wp-block-cover__inner-container is-layout-constrained wp-container-core-cover-is-layout-4f0d6d20 wp-block-cover-is-layout-constrained\">\n<div class=\"wp-block-columns testimonial-heading-box wow fadeInDown is-layout-flex wp-container-core-columns-is-layout-28f84493 wp-block-columns-is-layout-flex\">\n<div class=\"wp-block-column is-layout-flow wp-block-column-is-layout-flow\" style=\"flex-basis:25%\"><\/div>\n\n\n\n<div class=\"wp-block-column testimonial-heading-cont is-layout-flow wp-block-column-is-layout-flow\" style=\"padding-bottom:var(--wp--preset--spacing--40);flex-basis:50%\">\n<h2 class=\"wp-block-heading has-text-align-center testimonial-small-title has-primary-color has-text-color has-link-color wp-elements-b25d5a866164d73cd85c9be173ab89da\" style=\"font-size:16px\"> SERVEIS <\/h2>\n<\/div>\n\n\n\n<div class=\"wp-block-column is-layout-flow wp-block-column-is-layout-flow\" style=\"flex-basis:25%\"><\/div>\n<\/div>\n\n\n\n<p class=\"has-text-align-center has-background-color has-text-color has-link-color has-outfit-font-family wp-elements-8d9420df6653836775c09e76e820dbf1\" style=\"margin-top:var(--wp--preset--spacing--20);font-size:15px\">A Vehicles d'Enginyeria Urbana oferim un cat\u00e0leg integral de serveis orientats a facilitar l'acc\u00e9s a solucions de mobilitat eficients i adaptades a cada client:<\/p>\n\n\n\n<div class=\"wp-block-columns is-layout-flex wp-container-core-columns-is-layout-28f84493 wp-block-columns-is-layout-flex\">\n<div class=\"wp-block-column is-layout-flow wp-block-column-is-layout-flow\" style=\"flex-basis:25%\">\n<div class=\"wp-block-group client-box is-layout-constrained wp-block-group-is-layout-constrained\" style=\"padding-bottom:45px\">\n<div class=\"wp-block-cover is-light testimonial-card\" style=\"border-radius:20px;padding-top:var(--wp--preset--spacing--60);padding-right:var(--wp--preset--spacing--60);padding-bottom:var(--wp--preset--spacing--60);padding-left:var(--wp--preset--spacing--60);min-height:400px;aspect-ratio:unset;\"><span aria-hidden=\"true\" class=\"wp-block-cover__background has-background-background-color has-background-dim-100 has-background-dim\"><\/span><div class=\"wp-block-cover__inner-container is-layout-constrained wp-container-core-cover-is-layout-db32e940 wp-block-cover-is-layout-constrained\">\n<h3 class=\"wp-block-heading has-text-align-center has-secondary-color has-text-color has-link-color has-outfit-font-family wp-elements-0ba2aaeba50cb0ec15911cfc2bc28baf\" style=\"margin-top:var(--wp--preset--spacing--40);margin-bottom:0px;font-size:22px;text-transform:capitalize\"><strong>Venda a l'engr\u00f2s de vehicles nous i usats<\/strong><\/h3>\n\n\n\n<p class=\"has-text-align-center has-secondary-color has-text-color has-link-color has-outfit-font-family has-extra-small-font-size wp-elements-1faaa648612925378b021474e4da71bf\">Subministrem una \u00e0mplia varietat de vehicles, des de turismes fins a camions, autocars, motocicletes, remolcs i bicicletes, tant nous com de segona m\u00e0, garantint sempre qualitat i fiabilitat.<\/p>\n<\/div><\/div>\n\n\n\n<figure class=\"wp-block-image aligncenter size-full is-resized has-custom-border client-img\"><img loading=\"lazy\" decoding=\"async\" width=\"1280\" height=\"853\" src=\"https:\/\/vehiculosingenieria.com\/wp-content\/uploads\/2025\/10\/parking-spot-825371_1280.jpg\" alt=\"\" class=\"has-border-color has-foreground-border-color wp-image-65\" style=\"border-width:4px;border-radius:50px;object-fit:cover;width:100px;height:100px\" srcset=\"https:\/\/vehiculosingenieria.com\/wp-content\/uploads\/2025\/10\/parking-spot-825371_1280.jpg 1280w, https:\/\/vehiculosingenieria.com\/wp-content\/uploads\/2025\/10\/parking-spot-825371_1280-300x200.jpg 300w, https:\/\/vehiculosingenieria.com\/wp-content\/uploads\/2025\/10\/parking-spot-825371_1280-1024x682.jpg 1024w, https:\/\/vehiculosingenieria.com\/wp-content\/uploads\/2025\/10\/parking-spot-825371_1280-768x512.jpg 768w, https:\/\/vehiculosingenieria.com\/wp-content\/uploads\/2025\/10\/parking-spot-825371_1280-18x12.jpg 18w, https:\/\/vehiculosingenieria.com\/wp-content\/uploads\/2025\/10\/parking-spot-825371_1280-1200x800.jpg 1200w, https:\/\/vehiculosingenieria.com\/wp-content\/uploads\/2025\/10\/parking-spot-825371_1280-600x400.jpg 600w\" sizes=\"auto, (max-width: 1280px) 100vw, 1280px\" \/><\/figure>\n<\/div>\n<\/div>\n\n\n\n<div class=\"wp-block-column is-layout-flow wp-block-column-is-layout-flow\" style=\"flex-basis:25%\">\n<div class=\"wp-block-group client-box is-layout-constrained wp-block-group-is-layout-constrained\" style=\"padding-bottom:45px\">\n<div class=\"wp-block-cover is-light testimonial-card\" style=\"border-radius:20px;padding-top:var(--wp--preset--spacing--60);padding-right:var(--wp--preset--spacing--60);padding-bottom:var(--wp--preset--spacing--60);padding-left:var(--wp--preset--spacing--60);min-height:400px;aspect-ratio:unset;\"><span aria-hidden=\"true\" class=\"wp-block-cover__background has-background-background-color has-background-dim-100 has-background-dim\"><\/span><div class=\"wp-block-cover__inner-container is-layout-constrained wp-container-core-cover-is-layout-db32e940 wp-block-cover-is-layout-constrained\">\n<h3 class=\"wp-block-heading has-text-align-center has-secondary-color has-text-color has-link-color has-outfit-font-family wp-elements-1452fd8f804f71f2f5ef5e9ce4b75a4b\" style=\"margin-top:var(--wp--preset--spacing--40);margin-bottom:0px;font-size:22px;text-transform:capitalize\"><strong><strong>Assessorament personalitzat<\/strong><\/strong><\/h3>\n\n\n\n<p class=\"has-text-align-center has-secondary-color has-text-color has-link-color has-outfit-font-family has-extra-small-font-size wp-elements-2c4680c255389414003ebcbe36ce57eb\">Oferim orientaci\u00f3 professional per ajudar els nostres clients a seleccionar els vehicles que millor s'ajustin a les seves necessitats operatives, t\u00e8cniques i pressupost\u00e0ries.<\/p>\n<\/div><\/div>\n\n\n\n<figure class=\"wp-block-image aligncenter size-full is-resized has-custom-border client-img\"><img loading=\"lazy\" decoding=\"async\" width=\"1280\" height=\"853\" src=\"https:\/\/vehiculosingenieria.com\/wp-content\/uploads\/2025\/10\/scooter-2792992_1280.jpg\" alt=\"\" class=\"has-border-color has-foreground-border-color wp-image-62\" style=\"border-width:4px;border-radius:50px;object-fit:cover;width:100px;height:100px\" srcset=\"https:\/\/vehiculosingenieria.com\/wp-content\/uploads\/2025\/10\/scooter-2792992_1280.jpg 1280w, https:\/\/vehiculosingenieria.com\/wp-content\/uploads\/2025\/10\/scooter-2792992_1280-300x200.jpg 300w, https:\/\/vehiculosingenieria.com\/wp-content\/uploads\/2025\/10\/scooter-2792992_1280-1024x682.jpg 1024w, https:\/\/vehiculosingenieria.com\/wp-content\/uploads\/2025\/10\/scooter-2792992_1280-768x512.jpg 768w, https:\/\/vehiculosingenieria.com\/wp-content\/uploads\/2025\/10\/scooter-2792992_1280-18x12.jpg 18w, https:\/\/vehiculosingenieria.com\/wp-content\/uploads\/2025\/10\/scooter-2792992_1280-1200x800.jpg 1200w, https:\/\/vehiculosingenieria.com\/wp-content\/uploads\/2025\/10\/scooter-2792992_1280-600x400.jpg 600w\" sizes=\"auto, (max-width: 1280px) 100vw, 1280px\" \/><\/figure>\n<\/div>\n<\/div>\n\n\n\n<div class=\"wp-block-column is-layout-flow wp-block-column-is-layout-flow\" style=\"flex-basis:25%\">\n<div class=\"wp-block-group client-box is-layout-constrained wp-block-group-is-layout-constrained\" style=\"padding-bottom:45px\">\n<div class=\"wp-block-cover is-light testimonial-card\" style=\"border-radius:20px;padding-top:var(--wp--preset--spacing--60);padding-right:var(--wp--preset--spacing--60);padding-bottom:var(--wp--preset--spacing--60);padding-left:var(--wp--preset--spacing--60);min-height:400px;aspect-ratio:unset;\"><span aria-hidden=\"true\" class=\"wp-block-cover__background has-background-background-color has-background-dim-100 has-background-dim\"><\/span><div class=\"wp-block-cover__inner-container is-layout-constrained wp-container-core-cover-is-layout-db32e940 wp-block-cover-is-layout-constrained\">\n<h3 class=\"wp-block-heading has-text-align-center has-secondary-color has-text-color has-link-color has-outfit-font-family wp-elements-634991758ca151064fc35648e1f2cf02\" style=\"margin-top:var(--wp--preset--spacing--40);margin-bottom:0px;font-size:22px;text-transform:capitalize\"><strong><strong><strong>Gesti\u00f3 integral de flotes<\/strong><\/strong><\/strong><\/h3>\n\n\n\n<p class=\"has-text-align-center has-secondary-color has-text-color has-link-color has-outfit-font-family has-extra-small-font-size wp-elements-62fa81ccb3e2e88a26840459678398ea\">Assistim a empreses i administracions p\u00fabliques en la configuraci\u00f3 i adquisici\u00f3 de flotes de vehicles per a \u00fas urb\u00e0, industrial o log\u00edstic.<\/p>\n<\/div><\/div>\n\n\n\n<figure class=\"wp-block-image aligncenter size-full is-resized has-custom-border client-img\"><img loading=\"lazy\" decoding=\"async\" width=\"1280\" height=\"1280\" src=\"https:\/\/vehiculosingenieria.com\/wp-content\/uploads\/2025\/10\/ai-generated-8702696_1280-1.jpg\" alt=\"\" class=\"has-border-color has-foreground-border-color wp-image-78\" style=\"border-width:4px;border-radius:50px;object-fit:cover;width:100px;height:100px\" srcset=\"https:\/\/vehiculosingenieria.com\/wp-content\/uploads\/2025\/10\/ai-generated-8702696_1280-1.jpg 1280w, https:\/\/vehiculosingenieria.com\/wp-content\/uploads\/2025\/10\/ai-generated-8702696_1280-1-300x300.jpg 300w, https:\/\/vehiculosingenieria.com\/wp-content\/uploads\/2025\/10\/ai-generated-8702696_1280-1-1024x1024.jpg 1024w, https:\/\/vehiculosingenieria.com\/wp-content\/uploads\/2025\/10\/ai-generated-8702696_1280-1-150x150.jpg 150w, https:\/\/vehiculosingenieria.com\/wp-content\/uploads\/2025\/10\/ai-generated-8702696_1280-1-768x768.jpg 768w, https:\/\/vehiculosingenieria.com\/wp-content\/uploads\/2025\/10\/ai-generated-8702696_1280-1-12x12.jpg 12w, https:\/\/vehiculosingenieria.com\/wp-content\/uploads\/2025\/10\/ai-generated-8702696_1280-1-1200x1200.jpg 1200w, https:\/\/vehiculosingenieria.com\/wp-content\/uploads\/2025\/10\/ai-generated-8702696_1280-1-600x600.jpg 600w\" sizes=\"auto, (max-width: 1280px) 100vw, 1280px\" \/><\/figure>\n<\/div>\n<\/div>\n\n\n\n<div class=\"wp-block-column is-layout-flow wp-block-column-is-layout-flow\" style=\"flex-basis:25%\">\n<div class=\"wp-block-group client-box is-layout-constrained wp-block-group-is-layout-constrained\" style=\"padding-bottom:45px\">\n<div class=\"wp-block-cover is-light testimonial-card\" style=\"border-radius:20px;padding-top:var(--wp--preset--spacing--60);padding-right:var(--wp--preset--spacing--60);padding-bottom:var(--wp--preset--spacing--60);padding-left:var(--wp--preset--spacing--60);min-height:400px;aspect-ratio:unset;\"><span aria-hidden=\"true\" class=\"wp-block-cover__background has-background-background-color has-background-dim-100 has-background-dim\"><\/span><div class=\"wp-block-cover__inner-container is-layout-constrained wp-container-core-cover-is-layout-db32e940 wp-block-cover-is-layout-constrained\">\n<h3 class=\"wp-block-heading has-text-align-center has-secondary-color has-text-color has-link-color has-outfit-font-family wp-elements-d70ce1e3ab33cd3c3da0e98922415a08\" style=\"margin-top:var(--wp--preset--spacing--40);margin-bottom:0px;font-size:22px;text-transform:capitalize\"><strong><strong><strong><strong>Suport postvenda<\/strong><\/strong><\/strong><\/strong><\/h3>\n\n\n\n<p class=\"has-text-align-center has-secondary-color has-text-color has-link-color has-outfit-font-family has-extra-small-font-size wp-elements-0e29918c92e7849e82405479151bcc70\">Brindem acompanyament despr\u00e9s de la compra amb serveis d'atenci\u00f3 al client, documentaci\u00f3 t\u00e8cnica i connexi\u00f3 amb tallers o serveis t\u00e8cnics especialitzats.<\/p>\n<\/div><\/div>\n\n\n\n<figure class=\"wp-block-image aligncenter size-full is-resized has-custom-border client-img\"><img loading=\"lazy\" decoding=\"async\" width=\"1280\" height=\"720\" src=\"https:\/\/vehiculosingenieria.com\/wp-content\/uploads\/2025\/10\/bike-1836934_1280.jpg\" alt=\"\" class=\"has-border-color has-foreground-border-color wp-image-64\" style=\"border-width:4px;border-radius:50px;object-fit:cover;width:100px;height:100px\" srcset=\"https:\/\/vehiculosingenieria.com\/wp-content\/uploads\/2025\/10\/bike-1836934_1280.jpg 1280w, https:\/\/vehiculosingenieria.com\/wp-content\/uploads\/2025\/10\/bike-1836934_1280-300x169.jpg 300w, https:\/\/vehiculosingenieria.com\/wp-content\/uploads\/2025\/10\/bike-1836934_1280-1024x576.jpg 1024w, https:\/\/vehiculosingenieria.com\/wp-content\/uploads\/2025\/10\/bike-1836934_1280-768x432.jpg 768w, https:\/\/vehiculosingenieria.com\/wp-content\/uploads\/2025\/10\/bike-1836934_1280-18x10.jpg 18w\" sizes=\"auto, (max-width: 1280px) 100vw, 1280px\" \/><\/figure>\n<\/div>\n<\/div>\n<\/div>\n<\/div><\/div>\n<\/div>","protected":false},"excerpt":{"rendered":"","protected":false},"author":1,"featured_media":0,"parent":0,"menu_order":0,"comment_status":"closed","ping_status":"closed","template":"","meta":{"_regular_price":[],"currency_symbol":[],"footnotes":""},"class_list":["post-28","page","type-page","status-publish","hentry"],"post_slider_layout_featured_media_urls":{"thumbnail":"","post_slider_layout_landscape_large":"","post_slider_layout_portrait_large":"","post_slider_layout_square_large":"","post_slider_layout_landscape":"","post_slider_layout_portrait":"","post_slider_layout_square":"","full":""},"yoast_head":"<!-- This site is optimized with the Yoast SEO plugin v27.4 - https:\/\/yoast.com\/product\/yoast-seo-wordpress\/ -->\n<title>Servicios - Veh\u00edculos de Ingenier\u00eda Urbana<\/title>\n<meta name=\"robots\" content=\"index, follow, max-snippet:-1, max-image-preview:large, max-video-preview:-1\" \/>\n<link rel=\"canonical\" href=\"https:\/\/vehiculosingenieria.com\/ca\/servicios\/\" \/>\n<meta property=\"og:locale\" content=\"ca_ES\" \/>\n<meta property=\"og:type\" content=\"article\" \/>\n<meta property=\"og:title\" content=\"Servicios - Veh\u00edculos de Ingenier\u00eda Urbana\" \/>\n<meta property=\"og:url\" content=\"https:\/\/vehiculosingenieria.com\/ca\/servicios\/\" \/>\n<meta property=\"og:site_name\" content=\"Veh\u00edculos de Ingenier\u00eda Urbana\" \/>\n<meta property=\"article:modified_time\" content=\"2025-10-07T08:43:16+00:00\" \/>\n<meta property=\"og:image\" content=\"https:\/\/vehiculosingenieria.com\/wp-content\/uploads\/2025\/10\/cars-5456465_1280-1.jpg\" \/>\n\t<meta property=\"og:image:width\" content=\"1280\" \/>\n\t<meta property=\"og:image:height\" content=\"853\" \/>\n\t<meta property=\"og:image:type\" content=\"image\/jpeg\" \/>\n<meta name=\"twitter:card\" content=\"summary_large_image\" \/>\n<meta name=\"twitter:label1\" content=\"Temps estimat de lectura\" \/>\n\t<meta name=\"twitter:data1\" content=\"2 minuts\" \/>\n<script type=\"application\/ld+json\" class=\"yoast-schema-graph\">{\"@context\":\"https:\\\/\\\/schema.org\",\"@graph\":[{\"@type\":\"WebPage\",\"@id\":\"https:\\\/\\\/vehiculosingenieria.com\\\/servicios\\\/\",\"url\":\"https:\\\/\\\/vehiculosingenieria.com\\\/servicios\\\/\",\"name\":\"Servicios - Veh\u00edculos de Ingenier\u00eda Urbana\",\"isPartOf\":{\"@id\":\"https:\\\/\\\/vehiculosingenieria.com\\\/#website\"},\"primaryImageOfPage\":{\"@id\":\"https:\\\/\\\/vehiculosingenieria.com\\\/servicios\\\/#primaryimage\"},\"image\":{\"@id\":\"https:\\\/\\\/vehiculosingenieria.com\\\/servicios\\\/#primaryimage\"},\"thumbnailUrl\":\"https:\\\/\\\/vehiculosingenieria.com\\\/wp-content\\\/uploads\\\/2025\\\/10\\\/cars-5456465_1280-1-1024x682.jpg\",\"datePublished\":\"2025-10-07T07:07:14+00:00\",\"dateModified\":\"2025-10-07T08:43:16+00:00\",\"breadcrumb\":{\"@id\":\"https:\\\/\\\/vehiculosingenieria.com\\\/servicios\\\/#breadcrumb\"},\"inLanguage\":\"ca\",\"potentialAction\":[{\"@type\":\"ReadAction\",\"target\":[\"https:\\\/\\\/vehiculosingenieria.com\\\/servicios\\\/\"]}]},{\"@type\":\"ImageObject\",\"inLanguage\":\"ca\",\"@id\":\"https:\\\/\\\/vehiculosingenieria.com\\\/servicios\\\/#primaryimage\",\"url\":\"https:\\\/\\\/vehiculosingenieria.com\\\/wp-content\\\/uploads\\\/2025\\\/10\\\/cars-5456465_1280-1-1024x682.jpg\",\"contentUrl\":\"https:\\\/\\\/vehiculosingenieria.com\\\/wp-content\\\/uploads\\\/2025\\\/10\\\/cars-5456465_1280-1-1024x682.jpg\"},{\"@type\":\"BreadcrumbList\",\"@id\":\"https:\\\/\\\/vehiculosingenieria.com\\\/servicios\\\/#breadcrumb\",\"itemListElement\":[{\"@type\":\"ListItem\",\"position\":1,\"name\":\"Home\",\"item\":\"https:\\\/\\\/vehiculosingenieria.com\\\/\"},{\"@type\":\"ListItem\",\"position\":2,\"name\":\"Servicios\"}]},{\"@type\":\"WebSite\",\"@id\":\"https:\\\/\\\/vehiculosingenieria.com\\\/#website\",\"url\":\"https:\\\/\\\/vehiculosingenieria.com\\\/\",\"name\":\"Vehiculos de Ingenieria Urbana\",\"description\":\"Comercio al por mayor de veh\u00edculos\",\"publisher\":{\"@id\":\"https:\\\/\\\/vehiculosingenieria.com\\\/#organization\"},\"potentialAction\":[{\"@type\":\"SearchAction\",\"target\":{\"@type\":\"EntryPoint\",\"urlTemplate\":\"https:\\\/\\\/vehiculosingenieria.com\\\/?s={search_term_string}\"},\"query-input\":{\"@type\":\"PropertyValueSpecification\",\"valueRequired\":true,\"valueName\":\"search_term_string\"}}],\"inLanguage\":\"ca\"},{\"@type\":\"Organization\",\"@id\":\"https:\\\/\\\/vehiculosingenieria.com\\\/#organization\",\"name\":\"Vehiculos de Ingenieria Urbana\",\"url\":\"https:\\\/\\\/vehiculosingenieria.com\\\/\",\"logo\":{\"@type\":\"ImageObject\",\"inLanguage\":\"ca\",\"@id\":\"https:\\\/\\\/vehiculosingenieria.com\\\/#\\\/schema\\\/logo\\\/image\\\/\",\"url\":\"https:\\\/\\\/vehiculosingenieria.com\\\/wp-content\\\/uploads\\\/2025\\\/10\\\/LOGO-VIU.jpg\",\"contentUrl\":\"https:\\\/\\\/vehiculosingenieria.com\\\/wp-content\\\/uploads\\\/2025\\\/10\\\/LOGO-VIU.jpg\",\"width\":289,\"height\":73,\"caption\":\"Vehiculos de Ingenieria Urbana\"},\"image\":{\"@id\":\"https:\\\/\\\/vehiculosingenieria.com\\\/#\\\/schema\\\/logo\\\/image\\\/\"}}]}<\/script>\n<!-- \/ Yoast SEO plugin. -->","yoast_head_json":{"title":"Servicios - Veh\u00edculos de Ingenier\u00eda Urbana","robots":{"index":"index","follow":"follow","max-snippet":"max-snippet:-1","max-image-preview":"max-image-preview:large","max-video-preview":"max-video-preview:-1"},"canonical":"https:\/\/vehiculosingenieria.com\/ca\/servicios\/","og_locale":"ca_ES","og_type":"article","og_title":"Servicios - Veh\u00edculos de Ingenier\u00eda Urbana","og_url":"https:\/\/vehiculosingenieria.com\/ca\/servicios\/","og_site_name":"Veh\u00edculos de Ingenier\u00eda Urbana","article_modified_time":"2025-10-07T08:43:16+00:00","og_image":[{"width":1280,"height":853,"url":"https:\/\/vehiculosingenieria.com\/wp-content\/uploads\/2025\/10\/cars-5456465_1280-1.jpg","type":"image\/jpeg"}],"twitter_card":"summary_large_image","twitter_misc":{"Temps estimat de lectura":"2 minuts"},"schema":{"@context":"https:\/\/schema.org","@graph":[{"@type":"WebPage","@id":"https:\/\/vehiculosingenieria.com\/servicios\/","url":"https:\/\/vehiculosingenieria.com\/servicios\/","name":"Servicios - Veh\u00edculos de Ingenier\u00eda Urbana","isPartOf":{"@id":"https:\/\/vehiculosingenieria.com\/#website"},"primaryImageOfPage":{"@id":"https:\/\/vehiculosingenieria.com\/servicios\/#primaryimage"},"image":{"@id":"https:\/\/vehiculosingenieria.com\/servicios\/#primaryimage"},"thumbnailUrl":"https:\/\/vehiculosingenieria.com\/wp-content\/uploads\/2025\/10\/cars-5456465_1280-1-1024x682.jpg","datePublished":"2025-10-07T07:07:14+00:00","dateModified":"2025-10-07T08:43:16+00:00","breadcrumb":{"@id":"https:\/\/vehiculosingenieria.com\/servicios\/#breadcrumb"},"inLanguage":"ca","potentialAction":[{"@type":"ReadAction","target":["https:\/\/vehiculosingenieria.com\/servicios\/"]}]},{"@type":"ImageObject","inLanguage":"ca","@id":"https:\/\/vehiculosingenieria.com\/servicios\/#primaryimage","url":"https:\/\/vehiculosingenieria.com\/wp-content\/uploads\/2025\/10\/cars-5456465_1280-1-1024x682.jpg","contentUrl":"https:\/\/vehiculosingenieria.com\/wp-content\/uploads\/2025\/10\/cars-5456465_1280-1-1024x682.jpg"},{"@type":"BreadcrumbList","@id":"https:\/\/vehiculosingenieria.com\/servicios\/#breadcrumb","itemListElement":[{"@type":"ListItem","position":1,"name":"Home","item":"https:\/\/vehiculosingenieria.com\/"},{"@type":"ListItem","position":2,"name":"Servicios"}]},{"@type":"WebSite","@id":"https:\/\/vehiculosingenieria.com\/#website","url":"https:\/\/vehiculosingenieria.com\/","name":"Vehiculos de Ingenieria Urbana","description":"Comercio al por mayor de veh\u00edculos","publisher":{"@id":"https:\/\/vehiculosingenieria.com\/#organization"},"potentialAction":[{"@type":"SearchAction","target":{"@type":"EntryPoint","urlTemplate":"https:\/\/vehiculosingenieria.com\/?s={search_term_string}"},"query-input":{"@type":"PropertyValueSpecification","valueRequired":true,"valueName":"search_term_string"}}],"inLanguage":"ca"},{"@type":"Organization","@id":"https:\/\/vehiculosingenieria.com\/#organization","name":"Vehiculos de Ingenieria Urbana","url":"https:\/\/vehiculosingenieria.com\/","logo":{"@type":"ImageObject","inLanguage":"ca","@id":"https:\/\/vehiculosingenieria.com\/#\/schema\/logo\/image\/","url":"https:\/\/vehiculosingenieria.com\/wp-content\/uploads\/2025\/10\/LOGO-VIU.jpg","contentUrl":"https:\/\/vehiculosingenieria.com\/wp-content\/uploads\/2025\/10\/LOGO-VIU.jpg","width":289,"height":73,"caption":"Vehiculos de Ingenieria Urbana"},"image":{"@id":"https:\/\/vehiculosingenieria.com\/#\/schema\/logo\/image\/"}}]}},"_links":{"self":[{"href":"https:\/\/vehiculosingenieria.com\/ca\/wp-json\/wp\/v2\/pages\/28","targetHints":{"allow":["GET"]}}],"collection":[{"href":"https:\/\/vehiculosingenieria.com\/ca\/wp-json\/wp\/v2\/pages"}],"about":[{"href":"https:\/\/vehiculosingenieria.com\/ca\/wp-json\/wp\/v2\/types\/page"}],"author":[{"embeddable":true,"href":"https:\/\/vehiculosingenieria.com\/ca\/wp-json\/wp\/v2\/users\/1"}],"replies":[{"embeddable":true,"href":"https:\/\/vehiculosingenieria.com\/ca\/wp-json\/wp\/v2\/comments?post=28"}],"version-history":[{"count":3,"href":"https:\/\/vehiculosingenieria.com\/ca\/wp-json\/wp\/v2\/pages\/28\/revisions"}],"predecessor-version":[{"id":121,"href":"https:\/\/vehiculosingenieria.com\/ca\/wp-json\/wp\/v2\/pages\/28\/revisions\/121"}],"wp:attachment":[{"href":"https:\/\/vehiculosingenieria.com\/ca\/wp-json\/wp\/v2\/media?parent=28"}],"curies":[{"name":"wp","href":"https:\/\/api.w.org\/{rel}","templated":true}]}}