{"id":161,"date":"2026-02-05T11:36:07","date_gmt":"2026-02-05T11:36:07","guid":{"rendered":"https:\/\/vehiculosingenieria.com\/personalizar-cookies\/"},"modified":"2026-02-05T11:36:07","modified_gmt":"2026-02-05T11:36:07","slug":"personalizar-cookies","status":"publish","type":"page","link":"https:\/\/vehiculosingenieria.com\/ca\/personalizar-cookies\/","title":{"rendered":"Personalizar Cookies"},"content":{"rendered":"<div>\n      <div id=\"custom-cookies-eu-label\">\n          El lloc web https:\/\/vehiculosingenieria.com utilitza cookies pr\u00f2pies i de tercers per al seu correcte funcionament i per a fins anal\u00edtics. En fer clic al bot\u00f3 Acceptar, accepta l&#039;\u00fas d&#039;aquestes tecnologies i el processament de les dades per a aquests prop\u00f2sits.          \n\n      <\/div>\n\n      <div id=\"custom-cookies-eu-buttons\" class=\"cookies-eu-buttons\">\n        <button id=\"custom-cookies-eu-reject\" class=\"cookies-eu-reject\">Rechazar<\/button>\n        <button id=\"custom-cookies-eu-accept\" class=\"cookies-eu-accept\">ACCEPTAR TOTES LES COOKIES<\/button><\/div>\n      <\/div>\n\n<br\/>\n<p>\n\tPots canviar les teves prefer\u00e8ncies de cookies en qualsevol moment si tornes a la p\u00e0gina de Personalitzar cookies, a la qual pots accedir a trav\u00e9s de l&#039;Av\u00eds de cookies. Per obtenir m\u00e9s informaci\u00f3 sobre les cookies i com les fem servir, consulta la p\u00e0gina de <a href=\"https:\/\/vehiculosingenieria.com\/ca\/politica-de-cookies-ue\/\">Pol\u00edtica de Cookies<\/a>.\n<\/p>\n\n<h3>Cookies t\u00e8cniques<\/h3>\n<p>\n\tS\u00f3n aquelles que permeten als usuaris registrats navegar a trav\u00e9s del lloc web, de l&#039;\u00e0rea restringida i a utilitzar les seves diferents funcions, com per exemple, el sistema de comentaris o el cercador i no poden ser desactivades.\n<\/p>\n\n<div class=\"custom-cookies-option\">\n  <h3>Cookies d&#039;an\u00e0lisi o mesura<\/h3>\n  <span>\n    <input type=\"radio\" name=\"cookies-analytics-option\" value=\"true\" class=\"custom-cookies-radio\" data-consent=\"ANLTCS\" id=\"custom-cookies-accept-analytics\" >\n    <label for=\"custom-cookies-accept-analytics\">Activar<\/label>\n    &nbsp;&nbsp;\n    <input type=\"radio\" name=\"cookies-analytics-option\" value=\"false\" class=\"custom-cookies-radio\" data-consent=\"ANLTCS\" id=\"custom-cookies-reject-analytics\" \n    checked>\n    <label for=\"custom-cookies-reject-analytics\">Desactivar<\/label>\n<\/span>\n<\/div>\n\n<p>\n\tS\u00f3n aquelles que, tractades pel lloc web o per tercers, permeten quantificar el nombre d&#039;usuaris que aix\u00ed fan el mesurament i an\u00e0lisi estad\u00edstica. Per aix\u00f2 s&#039;analitza la navegaci\u00f3 que fas en aquest lloc web per tal de millorar-lo.\n<\/p>","protected":false},"excerpt":{"rendered":"<p>El lloc web https:\/\/vehiculosingenieria.com utilitza cookies pr\u00f2pies i de tercers per al seu correcte funcionament [&hellip;]<\/p>\n","protected":false},"author":1,"featured_media":0,"parent":0,"menu_order":0,"comment_status":"closed","ping_status":"closed","template":"","meta":{"_regular_price":[],"currency_symbol":[],"footnotes":""},"class_list":["post-161","page","type-page","status-publish","hentry"],"post_slider_layout_featured_media_urls":{"thumbnail":"","post_slider_layout_landscape_large":"","post_slider_layout_portrait_large":"","post_slider_layout_square_large":"","post_slider_layout_landscape":"","post_slider_layout_portrait":"","post_slider_layout_square":"","full":""},"yoast_head":"<!-- This site is optimized with the Yoast SEO plugin v27.4 - https:\/\/yoast.com\/product\/yoast-seo-wordpress\/ -->\n<title>Personalizar Cookies - Veh\u00edculos de Ingenier\u00eda Urbana<\/title>\n<meta name=\"robots\" content=\"index, follow, max-snippet:-1, max-image-preview:large, max-video-preview:-1\" \/>\n<link rel=\"canonical\" href=\"https:\/\/vehiculosingenieria.com\/ca\/personalizar-cookies\/\" \/>\n<meta property=\"og:locale\" content=\"ca_ES\" \/>\n<meta property=\"og:type\" content=\"article\" \/>\n<meta property=\"og:title\" content=\"Personalizar Cookies - Veh\u00edculos de Ingenier\u00eda Urbana\" \/>\n<meta property=\"og:description\" content=\"El lloc web https:\/\/vehiculosingenieria.com utilitza cookies pr\u00f2pies i de tercers per al seu correcte funcionament [&hellip;]\" \/>\n<meta property=\"og:url\" content=\"https:\/\/vehiculosingenieria.com\/ca\/personalizar-cookies\/\" \/>\n<meta property=\"og:site_name\" content=\"Veh\u00edculos de Ingenier\u00eda Urbana\" \/>\n<meta name=\"twitter:card\" content=\"summary_large_image\" \/>\n<script type=\"application\/ld+json\" class=\"yoast-schema-graph\">{\"@context\":\"https:\\\/\\\/schema.org\",\"@graph\":[{\"@type\":\"WebPage\",\"@id\":\"https:\\\/\\\/vehiculosingenieria.com\\\/personalizar-cookies\\\/\",\"url\":\"https:\\\/\\\/vehiculosingenieria.com\\\/personalizar-cookies\\\/\",\"name\":\"Personalizar Cookies - Veh\u00edculos de Ingenier\u00eda Urbana\",\"isPartOf\":{\"@id\":\"https:\\\/\\\/vehiculosingenieria.com\\\/#website\"},\"datePublished\":\"2026-02-05T11:36:07+00:00\",\"breadcrumb\":{\"@id\":\"https:\\\/\\\/vehiculosingenieria.com\\\/personalizar-cookies\\\/#breadcrumb\"},\"inLanguage\":\"ca\",\"potentialAction\":[{\"@type\":\"ReadAction\",\"target\":[\"https:\\\/\\\/vehiculosingenieria.com\\\/personalizar-cookies\\\/\"]}]},{\"@type\":\"BreadcrumbList\",\"@id\":\"https:\\\/\\\/vehiculosingenieria.com\\\/personalizar-cookies\\\/#breadcrumb\",\"itemListElement\":[{\"@type\":\"ListItem\",\"position\":1,\"name\":\"Home\",\"item\":\"https:\\\/\\\/vehiculosingenieria.com\\\/\"},{\"@type\":\"ListItem\",\"position\":2,\"name\":\"Personalizar Cookies\"}]},{\"@type\":\"WebSite\",\"@id\":\"https:\\\/\\\/vehiculosingenieria.com\\\/#website\",\"url\":\"https:\\\/\\\/vehiculosingenieria.com\\\/\",\"name\":\"Vehiculos de Ingenieria Urbana\",\"description\":\"Comercio al por mayor de veh\u00edculos\",\"publisher\":{\"@id\":\"https:\\\/\\\/vehiculosingenieria.com\\\/#organization\"},\"potentialAction\":[{\"@type\":\"SearchAction\",\"target\":{\"@type\":\"EntryPoint\",\"urlTemplate\":\"https:\\\/\\\/vehiculosingenieria.com\\\/?s={search_term_string}\"},\"query-input\":{\"@type\":\"PropertyValueSpecification\",\"valueRequired\":true,\"valueName\":\"search_term_string\"}}],\"inLanguage\":\"ca\"},{\"@type\":\"Organization\",\"@id\":\"https:\\\/\\\/vehiculosingenieria.com\\\/#organization\",\"name\":\"Vehiculos de Ingenieria Urbana\",\"url\":\"https:\\\/\\\/vehiculosingenieria.com\\\/\",\"logo\":{\"@type\":\"ImageObject\",\"inLanguage\":\"ca\",\"@id\":\"https:\\\/\\\/vehiculosingenieria.com\\\/#\\\/schema\\\/logo\\\/image\\\/\",\"url\":\"https:\\\/\\\/vehiculosingenieria.com\\\/wp-content\\\/uploads\\\/2025\\\/10\\\/LOGO-VIU.jpg\",\"contentUrl\":\"https:\\\/\\\/vehiculosingenieria.com\\\/wp-content\\\/uploads\\\/2025\\\/10\\\/LOGO-VIU.jpg\",\"width\":289,\"height\":73,\"caption\":\"Vehiculos de Ingenieria Urbana\"},\"image\":{\"@id\":\"https:\\\/\\\/vehiculosingenieria.com\\\/#\\\/schema\\\/logo\\\/image\\\/\"}}]}<\/script>\n<!-- \/ Yoast SEO plugin. -->","yoast_head_json":{"title":"Personalizar Cookies - Veh\u00edculos de Ingenier\u00eda Urbana","robots":{"index":"index","follow":"follow","max-snippet":"max-snippet:-1","max-image-preview":"max-image-preview:large","max-video-preview":"max-video-preview:-1"},"canonical":"https:\/\/vehiculosingenieria.com\/ca\/personalizar-cookies\/","og_locale":"ca_ES","og_type":"article","og_title":"Personalizar Cookies - Veh\u00edculos de Ingenier\u00eda Urbana","og_description":"El lloc web https:\/\/vehiculosingenieria.com utilitza cookies pr\u00f2pies i de tercers per al seu correcte funcionament [&hellip;]","og_url":"https:\/\/vehiculosingenieria.com\/ca\/personalizar-cookies\/","og_site_name":"Veh\u00edculos de Ingenier\u00eda Urbana","twitter_card":"summary_large_image","schema":{"@context":"https:\/\/schema.org","@graph":[{"@type":"WebPage","@id":"https:\/\/vehiculosingenieria.com\/personalizar-cookies\/","url":"https:\/\/vehiculosingenieria.com\/personalizar-cookies\/","name":"Personalizar Cookies - Veh\u00edculos de Ingenier\u00eda Urbana","isPartOf":{"@id":"https:\/\/vehiculosingenieria.com\/#website"},"datePublished":"2026-02-05T11:36:07+00:00","breadcrumb":{"@id":"https:\/\/vehiculosingenieria.com\/personalizar-cookies\/#breadcrumb"},"inLanguage":"ca","potentialAction":[{"@type":"ReadAction","target":["https:\/\/vehiculosingenieria.com\/personalizar-cookies\/"]}]},{"@type":"BreadcrumbList","@id":"https:\/\/vehiculosingenieria.com\/personalizar-cookies\/#breadcrumb","itemListElement":[{"@type":"ListItem","position":1,"name":"Home","item":"https:\/\/vehiculosingenieria.com\/"},{"@type":"ListItem","position":2,"name":"Personalizar Cookies"}]},{"@type":"WebSite","@id":"https:\/\/vehiculosingenieria.com\/#website","url":"https:\/\/vehiculosingenieria.com\/","name":"Vehiculos de Ingenieria Urbana","description":"Comercio al por mayor de veh\u00edculos","publisher":{"@id":"https:\/\/vehiculosingenieria.com\/#organization"},"potentialAction":[{"@type":"SearchAction","target":{"@type":"EntryPoint","urlTemplate":"https:\/\/vehiculosingenieria.com\/?s={search_term_string}"},"query-input":{"@type":"PropertyValueSpecification","valueRequired":true,"valueName":"search_term_string"}}],"inLanguage":"ca"},{"@type":"Organization","@id":"https:\/\/vehiculosingenieria.com\/#organization","name":"Vehiculos de Ingenieria Urbana","url":"https:\/\/vehiculosingenieria.com\/","logo":{"@type":"ImageObject","inLanguage":"ca","@id":"https:\/\/vehiculosingenieria.com\/#\/schema\/logo\/image\/","url":"https:\/\/vehiculosingenieria.com\/wp-content\/uploads\/2025\/10\/LOGO-VIU.jpg","contentUrl":"https:\/\/vehiculosingenieria.com\/wp-content\/uploads\/2025\/10\/LOGO-VIU.jpg","width":289,"height":73,"caption":"Vehiculos de Ingenieria Urbana"},"image":{"@id":"https:\/\/vehiculosingenieria.com\/#\/schema\/logo\/image\/"}}]}},"_links":{"self":[{"href":"https:\/\/vehiculosingenieria.com\/ca\/wp-json\/wp\/v2\/pages\/161","targetHints":{"allow":["GET"]}}],"collection":[{"href":"https:\/\/vehiculosingenieria.com\/ca\/wp-json\/wp\/v2\/pages"}],"about":[{"href":"https:\/\/vehiculosingenieria.com\/ca\/wp-json\/wp\/v2\/types\/page"}],"author":[{"embeddable":true,"href":"https:\/\/vehiculosingenieria.com\/ca\/wp-json\/wp\/v2\/users\/1"}],"replies":[{"embeddable":true,"href":"https:\/\/vehiculosingenieria.com\/ca\/wp-json\/wp\/v2\/comments?post=161"}],"version-history":[{"count":0,"href":"https:\/\/vehiculosingenieria.com\/ca\/wp-json\/wp\/v2\/pages\/161\/revisions"}],"wp:attachment":[{"href":"https:\/\/vehiculosingenieria.com\/ca\/wp-json\/wp\/v2\/media?parent=161"}],"curies":[{"name":"wp","href":"https:\/\/api.w.org\/{rel}","templated":true}]}}